{"id":831,"date":"2021-10-12T00:59:06","date_gmt":"2021-10-12T00:59:06","guid":{"rendered":"https:\/\/bonditex.com\/informations-de-base-sur-la-protection-des-donnees\/"},"modified":"2022-11-10T11:06:47","modified_gmt":"2022-11-10T11:06:47","slug":"informations-de-base-sur-la-protection-des-donnees","status":"publish","type":"page","link":"https:\/\/bonditex.com\/fr\/informations-de-base-sur-la-protection-des-donnees\/","title":{"rendered":"INFORMATIONS DE BASE SUR LA PROTECTION DES DONN\u00c9ES"},"content":{"rendered":"\n<div class=\"wp-block-columns is-layout-flex wp-container-core-columns-is-layout-9d6595d7 wp-block-columns-is-layout-flex\">\n<div class=\"wp-block-column is-layout-flow wp-block-column-is-layout-flow\" style=\"flex-basis:100%\">\n<figure class=\"wp-block-table is-style-regular has-small-font-size\"><table class=\"has-black-color has-text-color\"><tbody><tr><td><strong>Responsable<\/strong><\/td><td>BONDITEX, S.L. <\/td><\/tr><tr><td><strong>Objectif <\/strong><\/td><td>R\u00e9pondre \u00e0 vos questions et\/ou demandes<\/td><\/tr><tr><td><strong>Droits<\/strong> <\/td><td>d&rsquo;acc\u00e8s, de rectification et de suppression des donn\u00e9es, ainsi que d&rsquo;autres droits, comme expliqu\u00e9 dans les informations compl\u00e9mentaires<\/td><\/tr><tr><td><strong>Informations compl\u00e9mentaires<\/strong><\/td><td>Vous pouvez consulter les informations compl\u00e9mentaires et d\u00e9taill\u00e9es sur la Protection des Donn\u00e9es sur notre site internet, rubrique Politique de Confidentialit\u00e9<\/td><\/tr><\/tbody><\/table><\/figure>\n<\/div>\n<\/div>\n","protected":false},"excerpt":{"rendered":"<p>Responsable BONDITEX, S.L. Objectif R\u00e9pondre \u00e0 vos questions et\/ou demandes Droits d&rsquo;acc\u00e8s, de rectification et de suppression des donn\u00e9es, ainsi que d&rsquo;autres droits, comme expliqu\u00e9 dans les informations compl\u00e9mentaires Informations compl\u00e9mentaires Vous pouvez consulter les informations compl\u00e9mentaires et d\u00e9taill\u00e9es sur la Protection des Donn\u00e9es sur notre site internet, rubrique Politique de Confidentialit\u00e9<\/p>\n","protected":false},"author":1,"featured_media":0,"parent":0,"menu_order":0,"comment_status":"closed","ping_status":"closed","template":"","meta":{"_et_pb_use_builder":"off","_et_pb_old_content":"","_et_gb_content_width":"","footnotes":""},"class_list":["post-831","page","type-page","status-publish","hentry"],"_links":{"self":[{"href":"https:\/\/bonditex.com\/fr\/wp-json\/wp\/v2\/pages\/831","targetHints":{"allow":["GET"]}}],"collection":[{"href":"https:\/\/bonditex.com\/fr\/wp-json\/wp\/v2\/pages"}],"about":[{"href":"https:\/\/bonditex.com\/fr\/wp-json\/wp\/v2\/types\/page"}],"author":[{"embeddable":true,"href":"https:\/\/bonditex.com\/fr\/wp-json\/wp\/v2\/users\/1"}],"replies":[{"embeddable":true,"href":"https:\/\/bonditex.com\/fr\/wp-json\/wp\/v2\/comments?post=831"}],"version-history":[{"count":5,"href":"https:\/\/bonditex.com\/fr\/wp-json\/wp\/v2\/pages\/831\/revisions"}],"predecessor-version":[{"id":1115,"href":"https:\/\/bonditex.com\/fr\/wp-json\/wp\/v2\/pages\/831\/revisions\/1115"}],"wp:attachment":[{"href":"https:\/\/bonditex.com\/fr\/wp-json\/wp\/v2\/media?parent=831"}],"curies":[{"name":"wp","href":"https:\/\/api.w.org\/{rel}","templated":true}]}}