{"id":833,"date":"2021-10-12T01:03:57","date_gmt":"2021-10-12T01:03:57","guid":{"rendered":"https:\/\/bonditex.com\/politique-de-cookies\/"},"modified":"2021-10-19T00:58:39","modified_gmt":"2021-10-19T00:58:39","slug":"politique-de-cookies","status":"publish","type":"page","link":"https:\/\/bonditex.com\/fr\/politique-de-cookies\/","title":{"rendered":"Politique de Cookies"},"content":{"rendered":"\n<p><strong>1.- INTRODUCTION<br><\/strong><br>Depuis avril 2012, pour installer des cookies sur les \u00e9quipements terminaux des utilisateurs (ordinateur, dispositif mobile ou autre), il est n\u00e9cessaire d&rsquo;obtenir le consentement \u00e9clair\u00e9 des utilisateurs, sauf dans certains cas (cookies exon\u00e9r\u00e9s).<\/p>\n\n\n\n<p><strong>2.- CONFORMIT\u00c9<br><\/strong><br><strong>A.-<\/strong>&nbsp;Informer l&rsquo;utilisateur et obtenir son consentement au moment o\u00f9 il visite le site web par le biais du format d&rsquo;information en couches. Cette m\u00e9thode consiste \u00e0 pr\u00e9senter \u00e0 l&rsquo;utilisateur des informations sur les objectifs pour lesquels les cookies sont utilis\u00e9s, s&rsquo;il s&rsquo;agit de cookies propres ou de tiers et l&rsquo;action par laquelle il est entendu que vous donnez votre consentement (par exemple, poursuivre la navigation sur le site web) et enfin un lien vers une page web contenant la POLITIQUE DE COOKIES. Pour ce faire, nous pouvons utiliser les programmes ou plugins suivants et les installer sur le site web :<\/p>\n\n\n\n<p><strong>OPTION A. \u2013<\/strong>&nbsp;T\u00e9l\u00e9chargement depuis le web&nbsp;<strong>http:\/\/sitebeam.net\/cookieconsent\/<\/strong>&nbsp;le plugin dans javascript.<\/p>\n\n\n\n<p><strong>OPTION B.-<\/strong>&nbsp;Pour les sites web utilisant&nbsp;<strong>WordPress<\/strong>&nbsp;vous pourriez installer le plugin \u00ab\u00a0UK COOKIE CONSENT\u00a0\u00bb de Catapult. Il est gratuit et peut \u00eatre t\u00e9l\u00e9charg\u00e9 sur :&nbsp;<strong>http:\/\/wordpress.org\/plugins\/uk-cookie-consent\/<\/strong><\/p>\n\n\n\n<p><strong>B.-&nbsp;PAGE DE POLITIQUE DE COOKIES <\/strong>:&nbsp;Nous cr\u00e9erons \u00e9galement une page web intitul\u00e9e \u00ab\u00a0POLITIQUE DE COOKIES\u00a0\u00bb dont l&rsquo;URL est toujours disponible \u00e0 partir de n&rsquo;importe quelle page du site web (ceci est TR\u00c8S IMPORTANT). Normalement, cela se fait en pla\u00e7ant un lien dans le pied de page AVEC l&rsquo;AVIS JURIDIQUE et la POLITIQUE DE CONFIDENTIALIT\u00c9.<\/p>\n\n\n\n<p><strong>3.- LIBELL\u00c9 DE LA PAGE \u00ab\u00a0POLITIQUE DE COOKIES\u00a0\u00bb<\/strong><\/p>\n\n\n\n<p><strong>1.- ANT\u00c9C\u00c9DENTS<\/strong><\/p>\n\n\n\n<p>Conform\u00e9ment \u00e0 la r\u00e9glementation espagnole r\u00e9gissant l&rsquo;utilisation des cookies dans le cadre de la prestation de services de communications \u00e9lectroniques, contenue dans le D\u00e9cret Royal Loi 13\/2012 du 30 mars, nous vous informons des cookies utilis\u00e9s sur le site web de&nbsp;<strong>BONDITEX SL<\/strong>&nbsp;et de la raison de leur utilisation. Nous vous informons \u00e9galement qu&rsquo;en naviguant sur le Site Web, vous donnez votre consentement quant \u00e0 leur utilisation.<\/p>\n\n\n\n<p><strong>2.- QUE SONT LES COOKIES ?<\/strong><\/p>\n\n\n\n<p>Un cookie est un fichier qui est t\u00e9l\u00e9charg\u00e9 sur votre ordinateur lorsque vous acc\u00e9dez \u00e0 certains sites web. Les cookies permettent \u00e0 un site web, entre autres, de stocker et de r\u00e9cup\u00e9rer des informations sur les habitudes de navigation d&rsquo;un utilisateur ou de son ordinateur et, selon les informations contenues et la fa\u00e7on dont vous utilisez votre ordinateur, ils peuvent \u00eatre utilis\u00e9s pour reconna\u00eetre l&rsquo;utilisateur. Les cookies sont uniquement associ\u00e9s \u00e0 un utilisateur anonyme et \u00e0 son ordinateur ou dispositif et ne fournissent pas de r\u00e9f\u00e9rences permettant de conna\u00eetre ses donn\u00e9es personnelles.<\/p>\n\n\n\n<p><strong>3.- TYPES DE COOKIES<\/strong><\/p>\n\n\n\n<p>1.-&nbsp;<strong>Cookies propres <\/strong>: Ce sont ceux qui sont envoy\u00e9s \u00e0 l&rsquo;\u00e9quipement terminal de l&rsquo;utilisateur depuis un ordinateur ou un domaine g\u00e9r\u00e9 par l&rsquo;\u00e9diteur lui-m\u00eame et \u00e0 partir duquel le service Demand\u00e9 par l&rsquo;utilisateur est fourni.<\/p>\n\n\n\n<p>2.-&nbsp;<strong>Cookies de tiers <\/strong>: Ce sont ceux qui sont envoy\u00e9s \u00e0 l&rsquo;\u00e9quipement terminal de l&rsquo;utilisateur depuis un ordinateur ou un domaine qui n&rsquo;est pas g\u00e9r\u00e9 par l&rsquo;\u00e9diteur, mais par une autre entit\u00e9 qui traite les donn\u00e9es obtenues par le biais des cookies.<\/p>\n\n\n\n<p>3.-&nbsp;<strong>Cookies de session&nbsp;<\/strong>: Il s&rsquo;agit d&rsquo;un type de cookie con\u00e7u pour collecter et stocker des donn\u00e9es lorsque l&rsquo;utilisateur acc\u00e8de \u00e0 un site web.<\/p>\n\n\n\n<p>4.-&nbsp;<strong>Cookies persistants <\/strong>: Ce sont ceux dans lesquels les donn\u00e9es restent stock\u00e9es dans le terminal et peuvent \u00eatre consult\u00e9es et trait\u00e9es pendant une p\u00e9riode d\u00e9finie par la partie responsable du cookie, qui peut aller de quelques minutes \u00e0 plusieurs ann\u00e9es.<\/p>\n\n\n\n<p>5.-&nbsp;<strong>Cookies analytiques <\/strong>: Ce sont ceux qui, trait\u00e9s par nous ou par des tiers, nous permettent de quantifier le nombre d&rsquo;utilisateurs et d&rsquo;effectuer ainsi la mesure et l&rsquo;analyse statistique de l&rsquo;utilisation faite par les utilisateurs du service offert. Pour ce faire, votre navigation sur notre site est analys\u00e9e afin d&rsquo;am\u00e9liorer la gamme de produits ou services que nous vous proposons.<\/p>\n\n\n\n<p>6.-&nbsp;<strong>Cookies publicitaires <\/strong>: Ce sont ceux qui permettent de g\u00e9rer, de la mani\u00e8re la plus efficace possible, les espaces publicitaires que, le cas \u00e9ch\u00e9ant, l&rsquo;\u00e9diteur a inclus sur un site web, une application ou une plateforme \u00e0 partir desquels le service demand\u00e9 est fourni, sur la base de crit\u00e8res tels que le contenu \u00e9dit\u00e9 ou la fr\u00e9quence d&rsquo;affichage des publicit\u00e9s.<\/p>\n\n\n\n<p>7.-&nbsp;<strong>Cookies publicitaires comportementaux <\/strong>: Ces cookies permettent de g\u00e9rer, de la mani\u00e8re la plus efficace possible, les espaces publicitaires que, le cas \u00e9ch\u00e9ant, l&rsquo;\u00e9diteur a inclus sur un site web, une application ou une plateforme \u00e0 partir desquels le service demand\u00e9 est fourni. Ces cookies stockent des informations sur le comportement des utilisateurs obtenues par l&rsquo;observation continue de leurs habitudes de navigation, ce qui permet de d\u00e9velopper un profil sp\u00e9cifique afin d&rsquo;afficher des publicit\u00e9s bas\u00e9es sur ce dernier. Il est \u00e9galement possible que, lorsque vous visitez une page web ou ouvrez un courrier \u00e9lectronique o\u00f9 une publicit\u00e9 ou une promotion concernant nos produits ou services publi\u00e9s, un cookie peut \u00eatre install\u00e9 et utilis\u00e9 dans votre navigateur pour vous montrer la publicit\u00e9 li\u00e9e \u00e0 la recherche que vous avez faite, d\u00e9velopper un contr\u00f4le de nos annonces par rapport, par exemple, au nombre de fois qu&rsquo;elles sont vues, o\u00f9 elles apparaissent, \u00e0 quelle heure elles sont vues, etc&#8230;<\/p>\n\n\n\n<p><strong>4.- TYPES DE COOKIES UTILIS\u00c9S PAR CE SITE WEB<\/strong><\/p>\n\n\n\n<p>Les cookies utilis\u00e9s sur notre site web sont des cookies de session et de tiers, et nous permettent de stocker et d&rsquo;acc\u00e9der \u00e0 des informations relatives \u00e0 la langue, au type de navigateur utilis\u00e9 et \u00e0 d&rsquo;autres caract\u00e9ristiques g\u00e9n\u00e9rales pr\u00e9d\u00e9finies par l&rsquo;utilisateur, ainsi que de suivre et d&rsquo;analyser l&rsquo;activit\u00e9 r\u00e9alis\u00e9e, dans le but d&rsquo;introduire des am\u00e9liorations et de fournir nos services de mani\u00e8re plus efficace et personnalis\u00e9e.&nbsp;<strong>BONDITEX SL<\/strong>&nbsp;n&rsquo;utilise pas de cookies publicitaires ou comportementaux.<\/p>\n\n\n\n<p>L&rsquo;utilisation de cookies offre des avantages dans la prestation de services au sein de ce que l&rsquo;on appelle la soci\u00e9t\u00e9 de l&rsquo;information, puisqu&rsquo;elle facilite la navigation de l&rsquo;utilisateur et l&rsquo;acc\u00e8s aux diff\u00e9rents services offerts par ce site web ; elle \u00e9vite \u00e0 l&rsquo;utilisateur de devoir configurer les caract\u00e9ristiques g\u00e9n\u00e9rales pr\u00e9d\u00e9finies \u00e0 chaque fois qu&rsquo;il acc\u00e8de au site web ; elle favorise l&rsquo;am\u00e9lioration du fonctionnement et des services fournis \u00e0 travers ce site web, apr\u00e8s l&rsquo;analyse correspondante des informations obtenues \u00e0 travers les cookies install\u00e9s.<\/p>\n\n\n\n<figure class=\"wp-block-table\"><table><tbody><tr><td><strong>Nom<\/strong><\/td><td><strong>Type&nbsp;<\/strong><\/td><td><strong>Expiration<\/strong><\/td><td><strong>Finalit\u00e9<\/strong><\/td><td><strong>&nbsp;Clase<\/strong><\/td><\/tr><tr><td>__utma<\/td><td>&nbsp;De Tiers (Google Analytics)<\/td><td>2 ans<\/td><td>Utilis\u00e9 pour distinguer les utilisateurs et les sessions.<\/td><td>&nbsp;No Exenta<\/td><\/tr><tr><td>__utmb<\/td><td>De Tiers (Google Analytics)<\/td><td>30 minutes<\/td><td>Utilis\u00e9 pour d\u00e9terminer les nouvelles sessions ou visites.<\/td><td>&nbsp;No Exenta<\/td><\/tr><tr><td>__utmc<\/td><td>De Tiers (Google Analytics)<\/td><td>\u00c0 la fin de la session<\/td><td>Configur\u00e9 pour \u00eatre utilis\u00e9 avec Urchin.<\/td><td>&nbsp;No Exenta<\/td><\/tr><tr><td>__utmz<\/td><td>De Tiers (Google Analytics)<\/td><td>6 mois<\/td><td>Stocke l&rsquo;origine ou la campagne qui explique comment l&rsquo;utilisateur est arriv\u00e9 sur le site.<\/td><td>&nbsp;No Exenta<\/td><\/tr><\/tbody><\/table><\/figure>\n\n\n\n<p><strong>5.- R\u00c9VOCATION ET SUPPRESSION DES COOKIES<\/strong><\/p>\n\n\n\n<p>Vous pourrez acc\u00e9der \u00e0 tout moment aux param\u00e8tres de votre navigateur en acceptant ou en rejetant tous les cookies, ou en s\u00e9lectionnant ceux que vous acceptez et ceux que vous refusez, en suivant l&rsquo;une des proc\u00e9dures suivantes, selon le navigateur que vous utilisez :<\/p>\n\n\n\n<p><strong>Google Chrome<\/strong>&nbsp;(dans le Menu Outils)<\/p>\n\n\n\n<p>Param\u00e8tre &gt; Afficher les options avanc\u00e9es &gt; Confidentialit\u00e9 (Param\u00e8tres de Contenu) &gt; Cookies<\/p>\n\n\n\n<p>Plus d\u2019infos :&nbsp;https:\/\/support.google.com\/chrome\/answer\/95647?hl=es<\/p>\n\n\n\n<p><strong>Microsoft Internet Explorer<\/strong>&nbsp;(Menu Outils)<\/p>\n\n\n\n<p>Options d\u2019Internet &gt; Confidentialit\u00e9 &gt; Avanc\u00e9e<\/p>\n\n\n\n<p>Plus d\u2019infos :&nbsp;http:\/\/windows.microsoft.com\/es-es\/internet-explorer\/delete-manage-cookies#ie=ie-9<\/p>\n\n\n\n<p><strong>Firefox<\/strong><\/p>\n\n\n\n<p>Options &gt; Confidentialit\u00e9 &gt; Cookies<\/p>\n\n\n\n<p>Plus d\u2019infos :&nbsp;http:\/\/support.mozilla.org\/es\/kb\/habilitar-y-deshabilitar-cookies-que-los-sitios-web<\/p>\n\n\n\n<p><strong>Safari , iPad e iPhone<\/strong><\/p>\n\n\n\n<p>Pr\u00e9f\u00e9rences &gt; Confidentialit\u00e9<\/p>\n\n\n\n<p>Plus d\u2019infos :&nbsp;http:\/\/www.apple.com\/es\/privacy\/use-of-cookies\/<\/p>\n\n\n\n<p><strong>Opera<\/strong><\/p>\n\n\n\n<p>Param\u00e8tre &gt; Options &gt; Avanc\u00e9es &gt; Cookies<\/p>\n\n\n\n<p>Plus d\u2019infos :&nbsp;http:\/\/help.opera.com\/Linux\/10.60\/es-ES\/cookies.html<\/p>\n\n\n\n<p><strong>6.- PRESTATAIRES DE SERVICES TIERS<\/strong><\/p>\n\n\n\n<p>Plus pr\u00e9cis\u00e9ment, les prestataires de services tiers avec lesquels nous avons contract\u00e9 un service pour lequel l&rsquo;utilisation de cookies est n\u00e9cessaire sont :<\/p>\n\n\n\n<figure class=\"wp-block-table\"><table><tbody><tr><td><strong>Fournisseur<\/strong><\/td><td><strong>Finalit\u00e9 du Service et du Cookie<\/strong><\/td><td><strong>Informaci\u00f3n del Proveedor<\/strong><\/td><\/tr><tr><td>GOOGLE Inc.<\/td><td>&nbsp;Analyse statistique du site web en termes de nombre de visiteurs, de pages visit\u00e9es, de mots-cl\u00e9s utilis\u00e9s, etc\u2026<\/td><td>h<\/td><\/tr><\/tbody><\/table><\/figure>\n","protected":false},"excerpt":{"rendered":"<p>1.- INTRODUCTIONDepuis avril 2012, pour installer des cookies sur les \u00e9quipements terminaux des utilisateurs (ordinateur, dispositif mobile ou autre), il est n\u00e9cessaire d&rsquo;obtenir le consentement \u00e9clair\u00e9 des utilisateurs, sauf dans certains cas (cookies exon\u00e9r\u00e9s). 2.- CONFORMIT\u00c9A.-&nbsp;Informer l&rsquo;utilisateur et obtenir son consentement au moment o\u00f9 il visite le site web par le biais du format d&rsquo;information [&hellip;]<\/p>\n","protected":false},"author":1,"featured_media":0,"parent":0,"menu_order":0,"comment_status":"closed","ping_status":"closed","template":"","meta":{"_et_pb_use_builder":"off","_et_pb_old_content":"","_et_gb_content_width":"","footnotes":""},"class_list":["post-833","page","type-page","status-publish","hentry"],"_links":{"self":[{"href":"https:\/\/bonditex.com\/fr\/wp-json\/wp\/v2\/pages\/833","targetHints":{"allow":["GET"]}}],"collection":[{"href":"https:\/\/bonditex.com\/fr\/wp-json\/wp\/v2\/pages"}],"about":[{"href":"https:\/\/bonditex.com\/fr\/wp-json\/wp\/v2\/types\/page"}],"author":[{"embeddable":true,"href":"https:\/\/bonditex.com\/fr\/wp-json\/wp\/v2\/users\/1"}],"replies":[{"embeddable":true,"href":"https:\/\/bonditex.com\/fr\/wp-json\/wp\/v2\/comments?post=833"}],"version-history":[{"count":3,"href":"https:\/\/bonditex.com\/fr\/wp-json\/wp\/v2\/pages\/833\/revisions"}],"predecessor-version":[{"id":916,"href":"https:\/\/bonditex.com\/fr\/wp-json\/wp\/v2\/pages\/833\/revisions\/916"}],"wp:attachment":[{"href":"https:\/\/bonditex.com\/fr\/wp-json\/wp\/v2\/media?parent=833"}],"curies":[{"name":"wp","href":"https:\/\/api.w.org\/{rel}","templated":true}]}}