{"id":835,"date":"2021-10-12T01:06:37","date_gmt":"2021-10-12T01:06:37","guid":{"rendered":"https:\/\/bonditex.com\/politique-de-confidentialite\/"},"modified":"2021-10-19T01:00:58","modified_gmt":"2021-10-19T01:00:58","slug":"politique-de-confidentialite","status":"publish","type":"page","link":"https:\/\/bonditex.com\/fr\/politique-de-confidentialite\/","title":{"rendered":"Politique de Confidentialit\u00e9"},"content":{"rendered":"\n<p><strong>Donn\u00e9es du propri\u00e9taire du site web:&nbsp;<\/strong><br>RAISON SOCIALE : BONDITEX SL<br>NIF : B17049925<br>T\u00c9L\u00c9PHONE : 972865696<br>ADRESSE : BARRI MARQUES S\/N CTRA C -35 KM 71 2 \/ 17452, MASSANES (GIRONA)&nbsp;<br>REGISTRE DU COMMERCE : volume 295, folio 38, feuille 3724 &nbsp;<br>E-MAIL:&nbsp;bonditex@bonditex.com<br>OBJET PRINCIPAL : Finition, complexes textiles et r\u00e9sines industrielles<\/p>\n\n\n\n<p><strong>PROTECTION DES DONN\u00c9ES<\/strong><br>Conform\u00e9ment \u00e0 la l\u00e9gislation en vigueur et applicable en mati\u00e8re de protection des donn\u00e9es \u00e0 caract\u00e8re personnel, nous vous informons que vos donn\u00e9es seront incorpor\u00e9es au syst\u00e8me de traitement appartenant \u00e0 BONDITEX SL, NIF B17049925, dont le si\u00e8ge social est situ\u00e9 \u00e0 BARRI MARQUES S\/N CTRA C -35 KM 71 2 17452, MASSANES (G\u00c9RONE), et que les finalit\u00e9s, d\u00e9lais de conservation et bases l\u00e9gitimes respectives sont \u00e9num\u00e9r\u00e9es ci-dessous. Pour les traitements qui le n\u00e9cessitent, nous vous informons \u00e9galement de l&rsquo;\u00e9laboration \u00e9ventuelle de profils et de d\u00e9cisions automatis\u00e9es, ainsi que des \u00e9ventuelles cessions et transferts internationaux que BONDITEX SL envisage d&rsquo;effectuer :&nbsp;<\/p>\n\n\n\n<p><strong>TRAITEMENTS EFFECTU\u00c9S<\/strong><br><strong>Gestion de la page web<\/strong><br><strong>Finalit\u00e9 <\/strong>: Traitement et gestion des donn\u00e9es n\u00e9cessaires \u00e0 la fonctionnalit\u00e9 du site web<br><strong>D\u00e9lai de conservation <\/strong>: pour la dur\u00e9e du consentement donn\u00e9<br><strong>Base l\u00e9gitime <\/strong>: Le consentement de l\u2019int\u00e9ress\u00e9&nbsp;<br><strong>Type de Donn\u00e9es <\/strong>: Donn\u00e9es d&rsquo;identification simples&nbsp;<br><strong>Transferts <\/strong>: Non pr\u00e9vus<br><strong>Transferts internationaux <\/strong>: Non pr\u00e9vus<br><strong>Profilage <\/strong>: Non pr\u00e9vu<\/p>\n\n\n\n<p><strong>Formulaire web&nbsp;<\/strong><br><strong>Finalit\u00e9 <\/strong>: Traiter vos questions et\/ou demandes<br><strong>D\u00e9lai de conservation <\/strong>: pour la dur\u00e9e du consentement donn\u00e9.<br><strong>Base l\u00e9gitime <\/strong>: Le consentement de l\u2019int\u00e9ress\u00e9<br><strong>Type de Donn\u00e9es <\/strong>: Donn\u00e9es d&rsquo;identification simples<br><strong>Transferts <\/strong>: Aucun<br><strong>Transferts internationaux <\/strong>: Non pr\u00e9vus<br><strong>Profilage <\/strong>: Non pr\u00e9vu<\/p>\n\n\n\n<p><strong>Gestion de la conformit\u00e9&nbsp;<\/strong><br><strong>Finalit\u00e9 <\/strong>: Gestion et traitement des obligations et des devoirs d\u00e9coulant du respect de la r\u00e9glementation \u00e0 laquelle l&rsquo;entit\u00e9 est soumise<br><strong>D\u00e9lai de conservation <\/strong>: conservation des copies de documents jusqu&rsquo;\u00e0 l&rsquo;expiration du d\u00e9lai de prescription pour faire valoir une \u00e9ventuelle responsabilit\u00e9 de votre part<br>Base l\u00e9gitime : Respect d&rsquo;une loi<br><strong>Type de Donn\u00e9es <\/strong>: Donn\u00e9es d&rsquo;identification simples<br><strong>Transferts <\/strong>: vos donn\u00e9es seront communiqu\u00e9es, si n\u00e9cessaire, aux organismes et\/ou administrations publiques comp\u00e9tents en la mati\u00e8re afin de respecter les obligations \u00e9tablies dans la r\u00e9glementation applicable. De plus, nous vous informons que le fondement l\u00e9gitime du transfert est le respect des obligations \u00e9tablies dans la r\u00e9glementation applicable<br><strong>Transferts internationaux <\/strong>: Non pr\u00e9vus<br><strong>Profilage <\/strong>: Non pr\u00e9vu<\/p>\n\n\n\n<p><strong>Actions Commerciales<\/strong>&nbsp;<br><strong>Finalit\u00e9 <\/strong>: Collecte, enregistrement et traitement des donn\u00e9es \u00e0 des fins publicitaires et prospection commerciale de nos produits et\/ou services<br><strong>D\u00e9lai de conservation <\/strong>: pour la dur\u00e9e du consentement donn\u00e9<br><strong>Base l\u00e9gitime <\/strong>: Le consentement de l\u2019int\u00e9ress\u00e9&nbsp;<br><strong>Type de Donn\u00e9es <\/strong>: Donn\u00e9es d&rsquo;identification simples Transferts : Aucun<br><strong>Transferts internationaux <\/strong>: Non pr\u00e9vus<br><strong>Profilage <\/strong>: Non pr\u00e9vu<\/p>\n\n\n\n<p><strong>DROITS DES INT\u00c9RESS\u00c9S<\/strong><\/p>\n\n\n\n<p>BONDITEX SL informe les utilisateurs qu&rsquo;ils peuvent exercer leurs droits d&rsquo;acc\u00e8s, de rectification, de limitation, de suppression, de portabilit\u00e9 et d&rsquo;opposition au traitement de leurs donn\u00e9es personnelles aupr\u00e8s du Responsable du Traitement, ainsi que le droit de retirer leur consentement.&nbsp;<\/p>\n\n\n\n<p><strong>\u2022 Droit d\u2019Acc\u00e8s :<\/strong>&nbsp;C&rsquo;est le droit de l&rsquo;utilisateur d&rsquo;obtenir des informations sur ses donn\u00e9es personnelles sp\u00e9cifiques et sur le traitement qui a \u00e9t\u00e9 ou est effectu\u00e9, ainsi que les informations disponibles sur l&rsquo;origine de ces donn\u00e9es et les communications effectu\u00e9es ou pr\u00e9vues pour ces donn\u00e9es.&nbsp;<br><strong>\u2022&nbsp; Droit de Rectification :<\/strong>&nbsp;C&rsquo;est le droit de faire modifier des donn\u00e9es inexactes ou incompl\u00e8tes par la personne concern\u00e9e. Ce droit ne peut \u00eatre exerc\u00e9 que par rapport aux informations qui sont sous le contr\u00f4le de BONDITEX SL, par exemple la suppression des commentaires publi\u00e9s sur le site web lui-m\u00eame, des images ou des contenus web contenant les donn\u00e9es personnelles de l&rsquo;utilisateur.&nbsp;<br><strong>\u2022&nbsp; Droit \u00e0 la Limitation de traitement :<\/strong>&nbsp;C&rsquo;est le droit de limitation des finalit\u00e9s du traitement initialement pr\u00e9vues par le responsable du traitement.&nbsp;<br><strong>\u2022&nbsp; Droit de Suppression :<\/strong>&nbsp;C&rsquo;est le droit de suppression des donn\u00e9es personnelles de l&rsquo;utilisateur, sauf ce qui est pr\u00e9vu par le RGPD lui-m\u00eame ou par d&rsquo;autres r\u00e9glementations applicables qui d\u00e9terminent le caract\u00e8re obligatoire de leur conservation, en temps et en forme.&nbsp;<br><strong>\u2022&nbsp; Droit de Portabilit\u00e9 :<\/strong>&nbsp;Le droit de recevoir les donn\u00e9es personnelles fournies par l&rsquo;utilisateur dans un format structur\u00e9, couramment utilis\u00e9 et de lecture m\u00e9canique, et de les transmettre \u00e0 un autre responsable du traitement.&nbsp;<br><strong>\u2022&nbsp; Droit d\u2019Opposition :<\/strong>&nbsp;C&rsquo;est le droit de l&rsquo;utilisateur de ne pas faire traiter ses donn\u00e9es personnelles ou de faire cesser le traitement de ces donn\u00e9es par BONDITEX SL.&nbsp;<\/p>\n\n\n\n<p><strong>Afin d&rsquo;exercer l&rsquo;un des droits d\u00e9crits ci-dessus, vous devrez vous conformer aux exigences suivantes :<\/strong><br>\u2022&nbsp; &nbsp;En envoyant une lettre \u00e0 l&rsquo;adresse BARRI MARQUES S\/N CTRA C -35 KM 71 2 17452, MASSANES (GIRONA) (\u00e0 l&rsquo;attention de BONDITEX SL) ou par e-mail \u00e0 &nbsp;bonditex@bonditex.com.<br>\u2022&nbsp; &nbsp;La lettre envoy\u00e9e par le titulaire des donn\u00e9es demandant l&rsquo;exercice devra r\u00e9pondre aux exigences l\u00e9gales suivantes :<br>o Nom, pr\u00e9nom(s) de l&rsquo;int\u00e9ress\u00e9 et copie du DNI\/NIE ou de tout autre document d&rsquo;identification. Dans les cas exceptionnels o\u00f9 la repr\u00e9sentation est admise, il sera \u00e9galement n\u00e9cessaire d&rsquo;identifier la personne repr\u00e9sentant l&rsquo;int\u00e9ress\u00e9 par les m\u00eames moyens, ainsi que le document accr\u00e9ditant la repr\u00e9sentation. La photocopie du DNI peut \u00eatre substitu\u00e9e \u00e0 condition que l&rsquo;identit\u00e9 soit accr\u00e9dit\u00e9e par tout autre moyen l\u00e9galement valable.&nbsp;<br>o Demande dans laquelle la requ\u00eate est formul\u00e9e. (L&rsquo;ann\u00e9e au cours de laquelle les informations auxquelles vous souhaitez acc\u00e9der sont demand\u00e9es). Si vous ne vous r\u00e9f\u00e9rez pas \u00e0 un fichier sp\u00e9cifique, vous obtiendrez toutes les informations dont nous disposons sur vos donn\u00e9es personnelles. Si vous demandez des informations d&rsquo;un fichier sp\u00e9cifique, seules les informations de ce fichier seront prises en compte. Si vous demandez des informations relatives \u00e0 un tiers, elles ne seront jamais fournies. Si vous en faites la demande par t\u00e9l\u00e9phone, il vous sera demand\u00e9 de le faire par \u00e9crit et vous serez inform\u00e9 de la mani\u00e8re de le faire et de l&rsquo;adresse \u00e0 laquelle vous devez l&rsquo;envoyer. On ne vous donnera jamais d&rsquo;informations par t\u00e9l\u00e9phone.&nbsp;<br>o Adresse \u00e0 des fins de notification.<br>o Date et signature du demandeur.<br>o Documents accr\u00e9ditant la requ\u00eate formul\u00e9e.<br>o La partie int\u00e9ress\u00e9e doit utiliser tout moyen permettant d&rsquo;accr\u00e9diter l&rsquo;envoi et la r\u00e9ception de la requ\u00eate.&nbsp;<\/p>\n\n\n\n<p>Enfin, nous vous informons que Vous avez le droit de d\u00e9poser une plainte aupr\u00e8s de l&rsquo;Agence Espagnole de Protection des Donn\u00e9es dans le cas o\u00f9 vous avez connaissance ou consid\u00e9rez qu&rsquo;un \u00e9v\u00e9nement peut impliquer une violation de la r\u00e9glementation applicable en mati\u00e8re de protection des donn\u00e9es.&nbsp;<\/p>\n\n\n\n<p>BONDITEX SL s&rsquo;engage \u00e0 adopter les mesures techniques et organisationnelles n\u00e9cessaires, en fonction du niveau de risques associ\u00e9 au traitement qu&rsquo;elle effectue et indiqu\u00e9 dans la section relative aux conditions d&rsquo;utilisation, afin de garantir leur int\u00e9grit\u00e9, leur confidentialit\u00e9 et leur disponibilit\u00e9.&nbsp;<\/p>\n","protected":false},"excerpt":{"rendered":"<p>Donn\u00e9es du propri\u00e9taire du site web:&nbsp;RAISON SOCIALE : BONDITEX SLNIF : B17049925T\u00c9L\u00c9PHONE : 972865696ADRESSE : BARRI MARQUES S\/N CTRA C -35 KM 71 2 \/ 17452, MASSANES (GIRONA)&nbsp;REGISTRE DU COMMERCE : volume 295, folio 38, feuille 3724 &nbsp;E-MAIL:&nbsp;bonditex@bonditex.comOBJET PRINCIPAL : Finition, complexes textiles et r\u00e9sines industrielles PROTECTION DES DONN\u00c9ESConform\u00e9ment \u00e0 la l\u00e9gislation en vigueur et [&hellip;]<\/p>\n","protected":false},"author":1,"featured_media":0,"parent":0,"menu_order":0,"comment_status":"closed","ping_status":"closed","template":"","meta":{"_et_pb_use_builder":"off","_et_pb_old_content":"","_et_gb_content_width":"","footnotes":""},"class_list":["post-835","page","type-page","status-publish","hentry"],"_links":{"self":[{"href":"https:\/\/bonditex.com\/fr\/wp-json\/wp\/v2\/pages\/835","targetHints":{"allow":["GET"]}}],"collection":[{"href":"https:\/\/bonditex.com\/fr\/wp-json\/wp\/v2\/pages"}],"about":[{"href":"https:\/\/bonditex.com\/fr\/wp-json\/wp\/v2\/types\/page"}],"author":[{"embeddable":true,"href":"https:\/\/bonditex.com\/fr\/wp-json\/wp\/v2\/users\/1"}],"replies":[{"embeddable":true,"href":"https:\/\/bonditex.com\/fr\/wp-json\/wp\/v2\/comments?post=835"}],"version-history":[{"count":3,"href":"https:\/\/bonditex.com\/fr\/wp-json\/wp\/v2\/pages\/835\/revisions"}],"predecessor-version":[{"id":918,"href":"https:\/\/bonditex.com\/fr\/wp-json\/wp\/v2\/pages\/835\/revisions\/918"}],"wp:attachment":[{"href":"https:\/\/bonditex.com\/fr\/wp-json\/wp\/v2\/media?parent=835"}],"curies":[{"name":"wp","href":"https:\/\/api.w.org\/{rel}","templated":true}]}}